{"id":416,"date":"2011-01-21T17:15:15","date_gmt":"2011-01-21T22:15:15","guid":{"rendered":"http:\/\/neopagan.net\/blog\/"},"modified":"2016-09-01T11:43:17","modified_gmt":"2016-09-01T18:43:17","slug":"presentations-by-phaedra","status":"publish","type":"page","link":"https:\/\/neopagan.net\/blog\/i-can-be-had\/presentations-by-phaedra\/","title":{"rendered":"Presentations by Phaedra"},"content":{"rendered":"<p>Here&#8217;s a sample of Phaedra&#8217;s presentations and workshops as of May, 2011. Had something else in mind? Let her know &#8212; she&#8217;ll try to accommodate you!<\/p>\n<p><em>Complete information on getting Phaedra to your event will be found on the <a href=\"https:\/\/neopagan.net\/blog\/i-can-be-had\/\">I Can Be Had <\/a>page and the <a href=\"https:\/\/neopagan.net\/blog\/i-can-be-had\/fees-and-arrangements\/\">Fees and Arrangements<\/a> page<br \/>\n<\/em><\/p>\n<ul>\n<li>\n<strong>Real Energy<\/strong>  (1-2 hours)<br \/>\nWhen they tell you to \u201cground and center\u201d do you ever wonder what they really mean? What is this stuff we call &#8220;energy&#8221; anyway? How do we make it? And what do we do when we&#8217;ve got it? Come explore ideas about and uses of magical energy, based on the book <em><a href=\"http:\/\/www.amazon.com\/exec\/obidos\/ISBN=1564149048\/isaacbonewits\/\">Real Energy<\/a><\/em> (New Page, 2007) co-authored by Phaedra and her late husband, Isaac Bonewits\n<\/li>\n<li>\n<strong>Ritual Participation Skills<\/strong> (1-2 hours)<br \/>\nThe priest, priestess, or ritual facilitator in your magical or religious ceremonies can\u2019t do everything themselves! Starting from the premise that ritual is a participatory activity, not a spectator sport, Phaedra will lead an exploration of the ways you can intensify your ritual experience. Something for everyone, whether they\u2019ve been to five hundred rituals or none at all.\n<\/li>\n<li>\n<strong>It&#8217;s Mind <em>and<\/em> Body!<\/strong> (1-2 hours)<br \/>\nYes, you can do your magic all in your mind, but there are some very good reasons for with the body. We&#8217;ll look at energy use, visualization and try some psychophysical exercises as we explore the mind\/body connection in both theory and practice. Remember, a magician&#8217;s most powerful tool is his or her own nervous system!\n<\/li>\n<li>\n<strong>Propping up the Magic<\/strong> (2-6 hours)<br \/>\nAre ritual tools, scenery, and costumes really necessary? Are they sometimes more of a hindrance than a help? Phaedra will teach how to use ceremonial tools effectively and how to do powerful ritual with or without them. (Note: short time slots are good for an overview, longer time slots will accommodate a more in-depth presentation.)\n<\/li>\n<li><strong>What Are Correspondences and Why Should I Care?<\/strong> (1 hour &#8211; 1 weekend)<br \/>\nAir, Earth, Fire and Water are more than just points on a compass! Explore the realm of magical correspondences and learn how to apply them in ritual and magical work. (Book the weekend-long event and get material from <strong>Propping Up the Magic<\/strong> incorporated, too!)\n<\/li>\n<li><strong>Internal Tarot<\/strong> (2-6 hours)<br \/>\nThe Golden Dawn said that divination was the lowest form of using the Tarot. Leaving hierarchy aside, there is more than one way of dealing a deck. Focus on Tarot as a tool for personal growth, using exercises and meditation.\n<\/li>\n<li><strong>Candle Magick <\/strong>(1-2 hours)<br \/>\nShed a little light on casting spells. Explore techniques for spellworking with candles suitable for either individual or group settings. If you desire, bring your own white candle and an intention.\n<\/li>\n<li><strong>How Entrancing!<\/strong> (2-6 hours)<br \/>\nFocused concentration is a cornerstone of magical work. Learn techniques for entering trance and other out-of-the-ordinary states of consciousness.\n<\/li>\n<li><strong>The Life and Times of Isaac Bonewits<\/strong> (1-2 hours)<br \/>\nPhilip Emmons Isaac Bonewits (1949-2010) was a seminal figure in the history of late 20th century Neopaganism, beginning with his degree in Magic from UC Berkeley in 1970, his groundbreaking book, Real Magic, first published in 1971, and his founding of the largest Druid group in North American, \u00c1r nDra\u00edocht F\u00e9in: A Druid Fellowship (ADF). Isaac&#8217;s widow, Phaedra, presents an irreverent but loving tribute to his life and work.\n<\/li>\n<li><strong>Sensory Magic<\/strong> (1-6 hours)<br \/>\nSight, sound, smell, touch and taste &#8212; our five senses are the channels through which we access and interact with the world. Join Phaedra in exploring how the senses can be used to access to the magical world, too.\n<\/li>\n<\/ul>\n<p>\t\t<em>More focused sensory workshops:<\/em><\/p>\n<ul>\n<li><strong>Sounds Like Magic<\/strong> (1-1.5 hours)<br \/>\nAll ritual and magical work incorporates bodies and our senses. Both our voices and our hearing add powerful dimensions to that work, but are often underutilized. Join Phaedra in an exploration of the use of voice, noise, music and silence as magical tools. We&#8217;ll explore the use of sound coming from both inside and outside ourselves. What you hear can be what you get! Please note, this is for all skill levels. Phaedra is not an accomplished singer, drummer or musician, she just tries to use what she does have to its best advantage.\n<\/li>\n<li><strong>Casting a Glamour<\/strong> (1-1.5 hours)<br \/>\nThey say seeing is believing; how can you use the power of seeing to enhance your magical work? Phaedra explores the most powerful human sense&#8211;sight&#8211;in its use as a tool of magic.\n<\/li>\n<li><strong>Magical Scents<\/strong> (1-2 hours)<br \/>\nIncense, perfumes and other wonderful scented stuffs can aid and enhance our magical work. Phaedra will lead you through the basics of using incense and oils so your spells can have the sweet smell of success!<\/li>\n<\/ul>\n<p>\t<strong>Boilerplate Bio for Programs and Publicity:<\/strong><\/p>\n<blockquote><p>Phaedra Bonewits, Neopagan teacher, writer, and initiate of several traditions of Wicca, Witchcraft and Hermetic Magic, is just another occult generalist who insulates her house with books.<\/p>\n<p>In addition to her scholarly pursuits, Phaedra was a pioneer in public Pagan worship in Chicago where she was a founding member of Panthea Temple, was an active public Pagan in North Carolina, and served as national vice president of the Covenant of Unitarian Universalist Pagans (CUUPS). She been a presenter on the topics of magic, Tarot, and ritual at events throughout the US, has published many articles, and was a contributor to <em>Llewellyn&#8217;s 2010 Witches&#8217; Companion<\/em>. Phaedra spent most of the &#8217;00s in New York Druid-wrangling her late husband, Isaac Bonewits, with whom she co-authored <em><strong>Real Energy: Systems, Spirits, And Substances to Heal, Change, And Grow <\/strong><\/em> (New Page, 2007). She is currently happily ensconced in a tourist town in southwestern Oregon where she is a board advisor to the <a href=\"http:\/\/rowantreecommunity.com\/\">Rowan Tree Pagan Spiritual Community<\/a> of Medford, Oregon.<\/blockquote\n\n<\/p><\/blockquote>\n<!-- AddThis Advanced Settings generic via filter on the_content --><!-- AddThis Share Buttons generic via filter on the_content -->","protected":false},"excerpt":{"rendered":"<p>Here&#8217;s a sample of Phaedra&#8217;s presentations and workshops as of May, 2011. Had something else in mind? Let her know &#8212; she&#8217;ll try to accommodate you! Complete information on getting Phaedra to your event will be found on the I &hellip; <a href=\"https:\/\/neopagan.net\/blog\/i-can-be-had\/presentations-by-phaedra\/\">Continue reading <span class=\"meta-nav\">&rarr;<\/span><\/a><!-- AddThis Advanced Settings generic via filter on get_the_excerpt --><!-- AddThis Share Buttons generic via filter on get_the_excerpt --><\/p>\n","protected":false},"author":2,"featured_media":0,"parent":322,"menu_order":0,"comment_status":"closed","ping_status":"closed","template":"","meta":{"footnotes":""},"class_list":["post-416","page","type-page","status-publish","hentry"],"_links":{"self":[{"href":"https:\/\/neopagan.net\/blog\/wp-json\/wp\/v2\/pages\/416","targetHints":{"allow":["GET"]}}],"collection":[{"href":"https:\/\/neopagan.net\/blog\/wp-json\/wp\/v2\/pages"}],"about":[{"href":"https:\/\/neopagan.net\/blog\/wp-json\/wp\/v2\/types\/page"}],"author":[{"embeddable":true,"href":"https:\/\/neopagan.net\/blog\/wp-json\/wp\/v2\/users\/2"}],"replies":[{"embeddable":true,"href":"https:\/\/neopagan.net\/blog\/wp-json\/wp\/v2\/comments?post=416"}],"version-history":[{"count":24,"href":"https:\/\/neopagan.net\/blog\/wp-json\/wp\/v2\/pages\/416\/revisions"}],"predecessor-version":[{"id":771,"href":"https:\/\/neopagan.net\/blog\/wp-json\/wp\/v2\/pages\/416\/revisions\/771"}],"up":[{"embeddable":true,"href":"https:\/\/neopagan.net\/blog\/wp-json\/wp\/v2\/pages\/322"}],"wp:attachment":[{"href":"https:\/\/neopagan.net\/blog\/wp-json\/wp\/v2\/media?parent=416"}],"curies":[{"name":"wp","href":"https:\/\/api.w.org\/{rel}","templated":true}]}}